{"id":17,"date":"2024-01-27T15:42:00","date_gmt":"2024-01-27T15:42:00","guid":{"rendered":"https:\/\/m\u00f6\u00f6bliviimistlus.ee\/?page_id=17"},"modified":"2024-01-31T17:49:25","modified_gmt":"2024-01-31T17:49:25","slug":"kontakt","status":"publish","type":"page","link":"https:\/\/m\u00f6\u00f6bliviimistlus.ee\/?page_id=17","title":{"rendered":"Kontakt"},"content":{"rendered":"\n<div class=\"wp-block-cover alignfull\" style=\"min-height:1159px\"><span aria-hidden=\"true\" class=\"wp-block-cover__background has-background-dim-0 has-background-dim\"><\/span><img loading=\"lazy\" decoding=\"async\" width=\"1920\" height=\"1280\" class=\"wp-block-cover__image-background wp-image-80\" alt=\"\" src=\"https:\/\/m\u00f6\u00f6bliviimistlus.ee\/wp-content\/uploads\/2024\/01\/wood-2045379_1920-3.jpg\" style=\"object-position:50% 50%\" data-object-fit=\"cover\" data-object-position=\"50% 50%\" srcset=\"https:\/\/m\u00f6\u00f6bliviimistlus.ee\/wp-content\/uploads\/2024\/01\/wood-2045379_1920-3.jpg 1920w, https:\/\/m\u00f6\u00f6bliviimistlus.ee\/wp-content\/uploads\/2024\/01\/wood-2045379_1920-3-300x200.jpg 300w, https:\/\/m\u00f6\u00f6bliviimistlus.ee\/wp-content\/uploads\/2024\/01\/wood-2045379_1920-3-1024x683.jpg 1024w, https:\/\/m\u00f6\u00f6bliviimistlus.ee\/wp-content\/uploads\/2024\/01\/wood-2045379_1920-3-768x512.jpg 768w, https:\/\/m\u00f6\u00f6bliviimistlus.ee\/wp-content\/uploads\/2024\/01\/wood-2045379_1920-3-1536x1024.jpg 1536w\" sizes=\"(max-width: 1920px) 100vw, 1920px\" \/><div class=\"wp-block-cover__inner-container has-global-padding is-layout-constrained wp-container-core-cover-layout-1 wp-block-cover-is-layout-constrained\">\n<div class=\"wp-block-group has-background is-vertical is-content-justification-center is-layout-flex wp-container-core-group-layout-2 wp-block-group-is-layout-flex\" style=\"border-width:1px;border-radius:0px;background-color:#a69a9a00;min-height:35rem;margin-top:50px;margin-bottom:50px;padding-top:50px;padding-right:50px;padding-bottom:50px;padding-left:50px\">\n<div class=\"wp-block-group has-text-color has-link-color wp-elements-b5d8fd9971c49ad85ac581f36d75874b has-global-padding is-layout-constrained wp-container-core-group-layout-1 wp-block-group-is-layout-constrained\" style=\"color:#ffffff;margin-top:1rem;margin-bottom:1rem;font-size:clamp(1.696rem, 1.696rem + ((1vw - 0.2rem) * 2.189), 2.9rem);font-style:normal;font-weight:400;line-height:1.1;text-transform:none\">\n<h2 class=\"wp-block-heading has-text-align-center has-text-color\" style=\"color:#fafafa;margin-top:0rem;margin-bottom:1.01rem;font-size:clamp(1.884rem, 1.884rem + ((1vw - 0.2rem) * 2.575), 3.3rem);font-style:normal;font-weight:400;line-height:1.1;text-transform:none\"><strong>V\u00f5tke meiega \u00fchendust ning leiame koos \u00fchise lahenduse! <\/strong><\/h2>\n\n\n\n<div style=\"height:30px\" aria-hidden=\"true\" class=\"wp-block-spacer\"><\/div>\n\n\n\n<h2 class=\"wp-block-heading has-text-align-center has-text-color\" style=\"color:#fefefe;margin-top:0rem;margin-bottom:1.01rem;font-size:clamp(1.403rem, 1.403rem + ((1vw - 0.2rem) * 1.631), 2.3rem);font-style:normal;font-weight:400;line-height:1.1;text-transform:none\"><strong>Email: inge.kago@mail.ee<\/strong><\/h2>\n\n\n\n<h2 class=\"wp-block-heading has-text-align-center has-text-color\" style=\"color:#fbfbfb;margin-top:0rem;margin-bottom:1.01rem;font-size:clamp(1.403rem, 1.403rem + ((1vw - 0.2rem) * 1.631), 2.3rem);font-style:normal;font-weight:400;line-height:1.1;text-transform:none\"><strong>Telefon: Inge K\u00e4go &#8211; 56848988 <\/strong><\/h2>\n\n\n\n<h2 class=\"wp-block-heading has-text-align-center has-text-color\" style=\"color:#fbfbfb;margin-top:0rem;margin-bottom:1.01rem;font-size:clamp(1.403rem, 1.403rem + ((1vw - 0.2rem) * 1.631), 2.3rem);font-style:normal;font-weight:400;line-height:1.1;text-transform:none\"><strong>Margus K\u00e4go &#8211; 5629897<\/strong>4<\/h2>\n\n\n\n<div style=\"height:56px\" aria-hidden=\"true\" class=\"wp-block-spacer\"><\/div>\n\n\n\n<h2 class=\"wp-block-heading has-text-align-center has-text-color\" style=\"color:#ffffff;margin-top:0rem;margin-bottom:1.01rem;font-size:clamp(1.403rem, 1.403rem + ((1vw - 0.2rem) * 1.631), 2.3rem);font-style:normal;font-weight:400;line-height:1.1;text-transform:none\"><strong>Asume aadressil: Saku<\/strong>, <strong>\u00dcksnurme tee 8<\/strong>, <strong>75501<\/strong><\/h2>\n<\/div>\n<\/div>\n<\/div><\/div>\n","protected":false},"excerpt":{"rendered":"","protected":false},"author":1,"featured_media":0,"parent":0,"menu_order":0,"comment_status":"closed","ping_status":"closed","template":"","meta":{"footnotes":""},"_links":{"self":[{"href":"https:\/\/m\u00f6\u00f6bliviimistlus.ee\/index.php?rest_route=\/wp\/v2\/pages\/17"}],"collection":[{"href":"https:\/\/m\u00f6\u00f6bliviimistlus.ee\/index.php?rest_route=\/wp\/v2\/pages"}],"about":[{"href":"https:\/\/m\u00f6\u00f6bliviimistlus.ee\/index.php?rest_route=\/wp\/v2\/types\/page"}],"author":[{"embeddable":true,"href":"https:\/\/m\u00f6\u00f6bliviimistlus.ee\/index.php?rest_route=\/wp\/v2\/users\/1"}],"replies":[{"embeddable":true,"href":"https:\/\/m\u00f6\u00f6bliviimistlus.ee\/index.php?rest_route=%2Fwp%2Fv2%2Fcomments&post=17"}],"version-history":[{"count":31,"href":"https:\/\/m\u00f6\u00f6bliviimistlus.ee\/index.php?rest_route=\/wp\/v2\/pages\/17\/revisions"}],"predecessor-version":[{"id":138,"href":"https:\/\/m\u00f6\u00f6bliviimistlus.ee\/index.php?rest_route=\/wp\/v2\/pages\/17\/revisions\/138"}],"wp:attachment":[{"href":"https:\/\/m\u00f6\u00f6bliviimistlus.ee\/index.php?rest_route=%2Fwp%2Fv2%2Fmedia&parent=17"}],"curies":[{"name":"wp","href":"https:\/\/api.w.org\/{rel}","templated":true}]}}