{"id":14,"date":"2024-01-27T15:41:51","date_gmt":"2024-01-27T15:41:51","guid":{"rendered":"https:\/\/m\u00f6\u00f6bliviimistlus.ee\/?page_id=14"},"modified":"2024-02-01T18:00:21","modified_gmt":"2024-02-01T18:00:21","slug":"home","status":"publish","type":"page","link":"https:\/\/m\u00f6\u00f6bliviimistlus.ee\/","title":{"rendered":"Pealeht"},"content":{"rendered":"\n<div class=\"wp-block-cover alignfull has-parallax\" style=\"padding-top:2%;min-height:1345px\"><span aria-hidden=\"true\" class=\"wp-block-cover__background has-background-dim-10 has-background-dim\" style=\"background-color:#51310a\"><\/span><div role=\"img\" class=\"wp-block-cover__image-background wp-image-28 has-parallax\" style=\"background-position:50% 50%;background-image:url(https:\/\/m\u00f6\u00f6bliviimistlus.ee\/wp-content\/uploads\/2024\/01\/wood-2045379_1920-2.jpg)\"><\/div><div class=\"wp-block-cover__inner-container has-global-padding is-layout-constrained wp-container-core-cover-layout-1 wp-block-cover-is-layout-constrained\">\n<div class=\"wp-block-group alignwide has-background is-vertical is-content-justification-center is-layout-flex wp-container-core-group-layout-1 wp-block-group-is-layout-flex\" style=\"border-style:none;border-width:0px;border-radius:0px;background-color:#a69a9a00;min-height:35rem;padding-top:100px;padding-right:100px;padding-bottom:100px;padding-left:100px\">\n<h2 class=\"wp-block-heading has-text-align-center has-text-color has-link-color wp-elements-4a1b08f5ee98af25be200dfa4852e516\" style=\"color:#ffffff;margin-top:1rem;margin-bottom:1rem;font-size:clamp(1.696rem, 1.696rem + ((1vw - 0.2rem) * 2.189), 2.9rem);font-style:normal;font-weight:400;line-height:1.1;text-transform:none\"><strong>\u00dcle 15 aasta t\u00f6\u00f6kogemusi arvestades t\u00e4idame ka k\u00f5ige n\u00f5udlikumate klientide soovid!<\/strong><\/h2>\n\n\n\n<h2 class=\"wp-block-heading has-text-align-center has-text-color has-link-color wp-elements-e3d71c937c06e1d009f4ab4241acc84b is-layout-flow wp-block-heading-is-layout-flow\" style=\"color:#ffffff;margin-top:1rem;margin-bottom:1rem;font-size:clamp(1.146rem, 1.146rem + ((1vw - 0.2rem) * 1.189), 1.8rem);font-style:normal;font-weight:400;line-height:1.1;text-transform:none\"><strong>V\u00f5tke meiega \u00fchendust kui vajate kvaliteetset m\u00f6\u00f6bli viimistlusteenust<\/strong><\/h2>\n\n\n\n<div class=\"wp-block-buttons is-layout-flex wp-block-buttons-is-layout-flex\">\n<div class=\"wp-block-button has-custom-font-size is-style-fill has-medium-font-size\"><a class=\"wp-block-button__link has-text-color has-background has-link-color wp-element-button\" href=\"https:\/\/m\u00f6\u00f6bliviimistlus.ee\/?page_id=19\" style=\"border-style:none;border-width:0px;border-radius:58px;color:#fefefe;background-color:#da9c46;padding-top:15px;padding-right:30px;padding-bottom:15px;padding-left:30px\"><strong>Galerii<\/strong><\/a><\/div>\n\n\n\n<div class=\"wp-block-button has-custom-font-size has-medium-font-size\"><a class=\"wp-block-button__link has-text-color has-background has-link-color wp-element-button\" href=\"https:\/\/m\u00f6\u00f6bliviimistlus.ee\/?page_id=17\" style=\"border-radius:82px;color:#080000;background-color:#ffffff;padding-top:15px;padding-right:30px;padding-bottom:15px;padding-left:30px\"><strong>Kontakt<\/strong><\/a><\/div>\n<\/div>\n<\/div>\n<\/div><\/div>\n","protected":false},"excerpt":{"rendered":"","protected":false},"author":1,"featured_media":0,"parent":0,"menu_order":0,"comment_status":"closed","ping_status":"closed","template":"","meta":{"footnotes":""},"_links":{"self":[{"href":"https:\/\/m\u00f6\u00f6bliviimistlus.ee\/index.php?rest_route=\/wp\/v2\/pages\/14"}],"collection":[{"href":"https:\/\/m\u00f6\u00f6bliviimistlus.ee\/index.php?rest_route=\/wp\/v2\/pages"}],"about":[{"href":"https:\/\/m\u00f6\u00f6bliviimistlus.ee\/index.php?rest_route=\/wp\/v2\/types\/page"}],"author":[{"embeddable":true,"href":"https:\/\/m\u00f6\u00f6bliviimistlus.ee\/index.php?rest_route=\/wp\/v2\/users\/1"}],"replies":[{"embeddable":true,"href":"https:\/\/m\u00f6\u00f6bliviimistlus.ee\/index.php?rest_route=%2Fwp%2Fv2%2Fcomments&post=14"}],"version-history":[{"count":32,"href":"https:\/\/m\u00f6\u00f6bliviimistlus.ee\/index.php?rest_route=\/wp\/v2\/pages\/14\/revisions"}],"predecessor-version":[{"id":139,"href":"https:\/\/m\u00f6\u00f6bliviimistlus.ee\/index.php?rest_route=\/wp\/v2\/pages\/14\/revisions\/139"}],"wp:attachment":[{"href":"https:\/\/m\u00f6\u00f6bliviimistlus.ee\/index.php?rest_route=%2Fwp%2Fv2%2Fmedia&parent=14"}],"curies":[{"name":"wp","href":"https:\/\/api.w.org\/{rel}","templated":true}]}}